{"id":44,"date":"2023-11-15T19:49:14","date_gmt":"2023-11-15T18:49:14","guid":{"rendered":"https:\/\/recursosindex.com\/valcereal\/?page_id=44"},"modified":"2023-11-15T19:49:14","modified_gmt":"2023-11-15T18:49:14","slug":"empresa-2","status":"publish","type":"page","link":"https:\/\/valcereal.com.ar\/wordpress\/?page_id=44","title":{"rendered":"Qui\u00e9nes somos"},"content":{"rendered":"\t\t<div data-elementor-type=\"wp-page\" data-elementor-id=\"44\" class=\"elementor elementor-44\">\n\t\t\t\t\t\t\t<div class=\"elementor-element elementor-element-b4799ca e-con-full e-flex e-con e-parent\" data-id=\"b4799ca\" data-element_type=\"container\" data-settings=\"{&quot;content_width&quot;:&quot;full&quot;}\" data-core-v316-plus=\"true\">\n\t\t\t\t<div class=\"elementor-element elementor-element-2579eef elementor-widget elementor-widget-heading\" data-id=\"2579eef\" data-element_type=\"widget\" data-widget_type=\"heading.default\">\n\t\t\t\t<div class=\"elementor-widget-container\">\n\t\t\t<style>\/*! elementor - v3.18.0 - 20-12-2023 *\/\n.elementor-heading-title{padding:0;margin:0;line-height:1}.elementor-widget-heading .elementor-heading-title[class*=elementor-size-]>a{color:inherit;font-size:inherit;line-height:inherit}.elementor-widget-heading .elementor-heading-title.elementor-size-small{font-size:15px}.elementor-widget-heading .elementor-heading-title.elementor-size-medium{font-size:19px}.elementor-widget-heading .elementor-heading-title.elementor-size-large{font-size:29px}.elementor-widget-heading .elementor-heading-title.elementor-size-xl{font-size:39px}.elementor-widget-heading .elementor-heading-title.elementor-size-xxl{font-size:59px}<\/style><h2 class=\"elementor-heading-title elementor-size-default\">Qui\u00e9nes somos<\/h2>\t\t<\/div>\n\t\t\t\t<\/div>\n\t\t\t\t<\/div>\n\t\t<div class=\"elementor-element elementor-element-23d32ad e-con-full e-flex e-con e-parent\" data-id=\"23d32ad\" data-element_type=\"container\" data-settings=\"{&quot;content_width&quot;:&quot;full&quot;}\" data-core-v316-plus=\"true\">\n\t\t\t\t<div class=\"elementor-element elementor-element-a2156bc elementor-widget elementor-widget-heading\" data-id=\"a2156bc\" data-element_type=\"widget\" data-widget_type=\"heading.default\">\n\t\t\t\t<div class=\"elementor-widget-container\">\n\t\t\t<h1 class=\"elementor-heading-title elementor-size-default\">Nuestra Empresa<\/h1>\t\t<\/div>\n\t\t\t\t<\/div>\n\t\t\t\t<\/div>\n\t\t<div class=\"elementor-element elementor-element-089fe67 e-flex e-con-boxed e-con e-parent\" data-id=\"089fe67\" data-element_type=\"container\" data-settings=\"{&quot;content_width&quot;:&quot;boxed&quot;}\" data-core-v316-plus=\"true\">\n\t\t\t\t\t<div class=\"e-con-inner\">\n\t\t<div class=\"elementor-element elementor-element-ba45bf5 e-con-full e-flex e-con e-child\" data-id=\"ba45bf5\" data-element_type=\"container\" data-settings=\"{&quot;content_width&quot;:&quot;full&quot;}\">\n\t\t\t\t<div class=\"elementor-element elementor-element-ed9a80b elementor-widget elementor-widget-text-editor\" data-id=\"ed9a80b\" data-element_type=\"widget\" data-widget_type=\"text-editor.default\">\n\t\t\t\t<div class=\"elementor-widget-container\">\n\t\t\t<style>\/*! elementor - v3.18.0 - 20-12-2023 *\/\n.elementor-widget-text-editor.elementor-drop-cap-view-stacked .elementor-drop-cap{background-color:#69727d;color:#fff}.elementor-widget-text-editor.elementor-drop-cap-view-framed .elementor-drop-cap{color:#69727d;border:3px solid;background-color:transparent}.elementor-widget-text-editor:not(.elementor-drop-cap-view-default) .elementor-drop-cap{margin-top:8px}.elementor-widget-text-editor:not(.elementor-drop-cap-view-default) .elementor-drop-cap-letter{width:1em;height:1em}.elementor-widget-text-editor .elementor-drop-cap{float:left;text-align:center;line-height:1;font-size:50px}.elementor-widget-text-editor .elementor-drop-cap-letter{display:inline-block}<\/style>\t\t\t\t<p>Durante m\u00e1s de tres d\u00e9cadas, Valcereal S.A. se dedica a la comercializaci\u00f3n de cereales, oleaginosas y subproductos, y a los Mercados de Futuros. Desde su origen en 1986, cuando Ricardo Valderrama puso en marcha la empresa, a la que posteriormente se incorpor\u00f3 como socio Santiago Arce, la compa\u00f1\u00eda ha logrado posicionarse como un destacado actor en el mercado de granos.<\/p>\n<p>\u00a0<\/p>\n<p>Creemos que la idoneidad, la confiabilidad y la transparencia son aquellos valores sobre los cuales est\u00e1 cimentada nuestra firma; y que al mismo tiempo, son cualidades que los clientes ponderan al momento de decidir qui\u00e9n llevar\u00e1 adelante sus operaciones en el mercado.<\/p>\n<p>\u00a0<\/p>\n<p>Somos una compa\u00f1\u00eda que integra los \u00faltimos avances tecnol\u00f3gicos a su equipo en materia de agronegocios, para asegurar servicios de excelencia. Esta combinaci\u00f3n nos posiciona como una empresa \u00e1gil, vers\u00e1til y actualizada, lo cual es fundamental para concretar buenos negocios.<\/p>\n<p>\u00a0<\/p>\n<p>Operamos en forma conjunta y coordinada con los m\u00faltiples actores que intervienen en el mercado (productores, acopiadores, cooperativas, aceiteras, balanceadores, molinos, exportadoras), esto nos posibilita acceder y brindar una multiplicidad de negocios, desde el manejo del disponible, los futuros y opciones, hasta los derivados financieros.<\/p>\t\t\t\t\t\t<\/div>\n\t\t\t\t<\/div>\n\t\t\t\t<\/div>\n\t\t<div class=\"elementor-element elementor-element-b292ba0 e-con-full e-flex e-con e-child\" data-id=\"b292ba0\" data-element_type=\"container\" data-settings=\"{&quot;content_width&quot;:&quot;full&quot;}\">\n\t\t\t\t<div class=\"elementor-element elementor-element-45255d5 elementor-widget elementor-widget-image\" data-id=\"45255d5\" data-element_type=\"widget\" data-widget_type=\"image.default\">\n\t\t\t\t<div class=\"elementor-widget-container\">\n\t\t\t<style>\/*! elementor - v3.18.0 - 20-12-2023 *\/\n.elementor-widget-image{text-align:center}.elementor-widget-image a{display:inline-block}.elementor-widget-image a img[src$=\".svg\"]{width:48px}.elementor-widget-image img{vertical-align:middle;display:inline-block}<\/style>\t\t\t\t\t\t\t\t\t\t\t\t<img fetchpriority=\"high\" decoding=\"async\" width=\"919\" height=\"1024\" src=\"https:\/\/valcereal.com.ar\/wordpress\/wp-content\/uploads\/2023\/12\/internas-02-919x1024.png\" class=\"attachment-large size-large wp-image-262\" alt=\"\" srcset=\"https:\/\/valcereal.com.ar\/wordpress\/wp-content\/uploads\/2023\/12\/internas-02-919x1024.png 919w, https:\/\/valcereal.com.ar\/wordpress\/wp-content\/uploads\/2023\/12\/internas-02-269x300.png 269w, https:\/\/valcereal.com.ar\/wordpress\/wp-content\/uploads\/2023\/12\/internas-02-768x856.png 768w, https:\/\/valcereal.com.ar\/wordpress\/wp-content\/uploads\/2023\/12\/internas-02.png 947w\" sizes=\"(max-width: 919px) 100vw, 919px\" \/>\t\t\t\t\t\t\t\t\t\t\t\t\t\t\t<\/div>\n\t\t\t\t<\/div>\n\t\t\t\t<\/div>\n\t\t\t\t\t<\/div>\n\t\t\t\t<\/div>\n\t\t<div class=\"elementor-element elementor-element-747125c e-con-full e-flex e-con e-parent\" data-id=\"747125c\" data-element_type=\"container\" data-settings=\"{&quot;content_width&quot;:&quot;full&quot;}\" data-core-v316-plus=\"true\">\n\t\t\t\t<div class=\"elementor-element elementor-element-bb4d498 elementor-widget elementor-widget-heading\" data-id=\"bb4d498\" data-element_type=\"widget\" data-widget_type=\"heading.default\">\n\t\t\t\t<div class=\"elementor-widget-container\">\n\t\t\t<h2 class=\"elementor-heading-title elementor-size-default\"><h2 data-elementor-setting-key=\"title\" data-pen-placeholder=\"Teclea aqu\u00ed...\" style=\"font-family: Montserrat, sans-serif; font-weight: 400; color: rgb(0, 201, 83); font-size: 19px;\"><span style=\"text-align: var(--text-align);\">Idoneidad y Excelencia<\/span><br><\/h2><\/h2>\t\t<\/div>\n\t\t\t\t<\/div>\n\t\t\t\t<\/div>\n\t\t<div class=\"elementor-element elementor-element-6bac2b4 e-con-full e-flex e-con e-parent\" data-id=\"6bac2b4\" data-element_type=\"container\" data-settings=\"{&quot;content_width&quot;:&quot;full&quot;}\" data-core-v316-plus=\"true\">\n\t\t\t\t<div class=\"elementor-element elementor-element-82e602a elementor-widget elementor-widget-heading\" data-id=\"82e602a\" data-element_type=\"widget\" data-widget_type=\"heading.default\">\n\t\t\t\t<div class=\"elementor-widget-container\">\n\t\t\t<h2 class=\"elementor-heading-title elementor-size-default\"><h1 class=\"elementor-heading-title elementor-size-default elementor-inline-editing pen\" data-elementor-setting-key=\"title\" data-pen-placeholder=\"Teclea aqu\u00ed...\" style=\"\"><span style=\"text-align: var(--text-align); font-weight: 400;\"><font color=\"#000000\" face=\"Montserrat, sans-serif\">Lo que hacemos<\/font><\/span><span style=\"color: var( --e-global-color-primary ); font-family: var( --e-global-typography-primary-font-family ), Sans-serif; font-weight: var( --e-global-typography-primary-font-weight ); font-size: 2rem; text-align: var(--text-align);\"><\/span><font color=\"#000000\" face=\"Montserrat, sans-serif\"><span style=\"font-weight: 400;\"><br><\/span><\/font><\/h1><\/h2>\t\t<\/div>\n\t\t\t\t<\/div>\n\t\t\t\t<\/div>\n\t\t<div class=\"elementor-element elementor-element-3a9aafa e-flex e-con-boxed e-con e-parent\" data-id=\"3a9aafa\" data-element_type=\"container\" data-settings=\"{&quot;content_width&quot;:&quot;boxed&quot;}\" data-core-v316-plus=\"true\">\n\t\t\t\t\t<div class=\"e-con-inner\">\n\t\t\t\t<div class=\"elementor-element elementor-element-d51692d elementor-widget elementor-widget-image\" data-id=\"d51692d\" data-element_type=\"widget\" data-widget_type=\"image.default\">\n\t\t\t\t<div class=\"elementor-widget-container\">\n\t\t\t\t\t\t\t\t\t\t\t\t\t\t\t<img decoding=\"async\" width=\"2048\" height=\"284\" src=\"https:\/\/valcereal.com.ar\/wordpress\/wp-content\/uploads\/2023\/12\/internas-03-03-scaled-1-2048x284.jpg\" class=\"attachment-2048x2048 size-2048x2048 wp-image-283\" alt=\"\" srcset=\"https:\/\/valcereal.com.ar\/wordpress\/wp-content\/uploads\/2023\/12\/internas-03-03-scaled-1-2048x284.jpg 2048w, https:\/\/valcereal.com.ar\/wordpress\/wp-content\/uploads\/2023\/12\/internas-03-03-scaled-1-300x42.jpg 300w, https:\/\/valcereal.com.ar\/wordpress\/wp-content\/uploads\/2023\/12\/internas-03-03-scaled-1-1024x142.jpg 1024w, https:\/\/valcereal.com.ar\/wordpress\/wp-content\/uploads\/2023\/12\/internas-03-03-scaled-1-768x107.jpg 768w, https:\/\/valcereal.com.ar\/wordpress\/wp-content\/uploads\/2023\/12\/internas-03-03-scaled-1-1536x213.jpg 1536w\" sizes=\"(max-width: 2048px) 100vw, 2048px\" \/>\t\t\t\t\t\t\t\t\t\t\t\t\t\t\t<\/div>\n\t\t\t\t<\/div>\n\t\t\t\t\t<\/div>\n\t\t\t\t<\/div>\n\t\t\t\t\t\t\t<\/div>\n\t\t","protected":false},"excerpt":{"rendered":"<p>Qui\u00e9nes somos Nuestra Empresa Durante m\u00e1s de tres d\u00e9cadas, Valcereal S.A. se dedica a la comercializaci\u00f3n de cereales, oleaginosas y subproductos, y a los Mercados de Futuros. Desde su origen en 1986, cuando Ricardo Valderrama puso en marcha la empresa, a la que posteriormente se incorpor\u00f3 como socio Santiago Arce, la compa\u00f1\u00eda ha logrado posicionarse como un destacado actor en el mercado de granos. \u00a0 Creemos que la idoneidad, la confiabilidad y la transparencia son aquellos valores sobre los cuales est\u00e1 cimentada nuestra firma; y que al mismo tiempo, son cualidades que los clientes ponderan al momento de decidir qui\u00e9n<\/p>\n","protected":false},"author":1,"featured_media":0,"parent":0,"menu_order":0,"comment_status":"closed","ping_status":"closed","template":"","meta":{"footnotes":""},"_links":{"self":[{"href":"https:\/\/valcereal.com.ar\/wordpress\/index.php?rest_route=\/wp\/v2\/pages\/44"}],"collection":[{"href":"https:\/\/valcereal.com.ar\/wordpress\/index.php?rest_route=\/wp\/v2\/pages"}],"about":[{"href":"https:\/\/valcereal.com.ar\/wordpress\/index.php?rest_route=\/wp\/v2\/types\/page"}],"author":[{"embeddable":true,"href":"https:\/\/valcereal.com.ar\/wordpress\/index.php?rest_route=\/wp\/v2\/users\/1"}],"replies":[{"embeddable":true,"href":"https:\/\/valcereal.com.ar\/wordpress\/index.php?rest_route=%2Fwp%2Fv2%2Fcomments&post=44"}],"version-history":[{"count":0,"href":"https:\/\/valcereal.com.ar\/wordpress\/index.php?rest_route=\/wp\/v2\/pages\/44\/revisions"}],"wp:attachment":[{"href":"https:\/\/valcereal.com.ar\/wordpress\/index.php?rest_route=%2Fwp%2Fv2%2Fmedia&parent=44"}],"curies":[{"name":"wp","href":"https:\/\/api.w.org\/{rel}","templated":true}]}}