{"id":386,"date":"2023-12-20T21:12:59","date_gmt":"2023-12-20T20:12:59","guid":{"rendered":"https:\/\/recursosindex.com\/valcereal\/?page_id=386"},"modified":"2023-12-20T21:12:59","modified_gmt":"2023-12-20T20:12:59","slug":"codigo-de-conducta","status":"publish","type":"page","link":"https:\/\/valcereal.com.ar\/wordpress\/?page_id=386","title":{"rendered":"C\u00f3digo de conducta"},"content":{"rendered":"\t\t<div data-elementor-type=\"wp-page\" data-elementor-id=\"386\" class=\"elementor elementor-386\">\n\t\t\t\t\t\t\t<div class=\"elementor-element elementor-element-64efea6 e-flex e-con-boxed e-con e-parent\" data-id=\"64efea6\" data-element_type=\"container\" data-settings=\"{&quot;content_width&quot;:&quot;boxed&quot;}\" data-core-v316-plus=\"true\">\n\t\t\t\t\t<div class=\"e-con-inner\">\n\t\t\t\t<div class=\"elementor-element elementor-element-f4029a8 elementor-widget elementor-widget-heading\" data-id=\"f4029a8\" data-element_type=\"widget\" data-widget_type=\"heading.default\">\n\t\t\t\t<div class=\"elementor-widget-container\">\n\t\t\t<style>\/*! elementor - v3.18.0 - 20-12-2023 *\/\n.elementor-heading-title{padding:0;margin:0;line-height:1}.elementor-widget-heading .elementor-heading-title[class*=elementor-size-]>a{color:inherit;font-size:inherit;line-height:inherit}.elementor-widget-heading .elementor-heading-title.elementor-size-small{font-size:15px}.elementor-widget-heading .elementor-heading-title.elementor-size-medium{font-size:19px}.elementor-widget-heading .elementor-heading-title.elementor-size-large{font-size:29px}.elementor-widget-heading .elementor-heading-title.elementor-size-xl{font-size:39px}.elementor-widget-heading .elementor-heading-title.elementor-size-xxl{font-size:59px}<\/style><h2 class=\"elementor-heading-title elementor-size-default\">El c\u00f3digo<\/h2>\t\t<\/div>\n\t\t\t\t<\/div>\n\t\t\t\t\t<\/div>\n\t\t\t\t<\/div>\n\t\t<div class=\"elementor-element elementor-element-8ed1df3 e-flex e-con-boxed e-con e-parent\" data-id=\"8ed1df3\" data-element_type=\"container\" data-settings=\"{&quot;content_width&quot;:&quot;boxed&quot;}\" data-core-v316-plus=\"true\">\n\t\t\t\t\t<div class=\"e-con-inner\">\n\t\t\t\t<div class=\"elementor-element elementor-element-1fc8b06 elementor-widget elementor-widget-text-editor\" data-id=\"1fc8b06\" data-element_type=\"widget\" data-widget_type=\"text-editor.default\">\n\t\t\t\t<div class=\"elementor-widget-container\">\n\t\t\t<style>\/*! elementor - v3.18.0 - 20-12-2023 *\/\n.elementor-widget-text-editor.elementor-drop-cap-view-stacked .elementor-drop-cap{background-color:#69727d;color:#fff}.elementor-widget-text-editor.elementor-drop-cap-view-framed .elementor-drop-cap{color:#69727d;border:3px solid;background-color:transparent}.elementor-widget-text-editor:not(.elementor-drop-cap-view-default) .elementor-drop-cap{margin-top:8px}.elementor-widget-text-editor:not(.elementor-drop-cap-view-default) .elementor-drop-cap-letter{width:1em;height:1em}.elementor-widget-text-editor .elementor-drop-cap{float:left;text-align:center;line-height:1;font-size:50px}.elementor-widget-text-editor .elementor-drop-cap-letter{display:inline-block}<\/style>\t\t\t\t<p>El C\u00f3digo de Conducta de la SOCIEDAD, (en adelante, el C\u00f3digo) define y desarrolla los fundamentos de comportamiento \u00e9tico que el Directorio de la SOCIEDAD entiende que han de aplicarse a los negocios, actividades, y pautas de actuaci\u00f3n necesarias para que la integridad se manifieste en las relaciones establecidas con sus clientes, empleados y directivos, proveedores y terceros; en sus actuaciones en los diferentes mercados; a trav\u00e9s de la actuaci\u00f3n individual de sus empleados y directivos y en el establecimiento de \u00f3rganos y funciones espec\u00edficas a las que se atribuye la responsabilidad de velar por el cumplimiento del contenido del C\u00f3digo y de promover las acciones necesarias para preservar, eficazmente, la Integridad empresaria en su conjunto.<\/p>\t\t\t\t\t\t<\/div>\n\t\t\t\t<\/div>\n\t\t\t\t\t<\/div>\n\t\t\t\t<\/div>\n\t\t<div class=\"elementor-element elementor-element-fd95196 e-flex e-con-boxed e-con e-parent\" data-id=\"fd95196\" data-element_type=\"container\" data-settings=\"{&quot;content_width&quot;:&quot;boxed&quot;}\" data-core-v316-plus=\"true\">\n\t\t\t\t\t<div class=\"e-con-inner\">\n\t\t\t\t<div class=\"elementor-element elementor-element-20d88a4 elementor-widget elementor-widget-button\" data-id=\"20d88a4\" data-element_type=\"widget\" data-widget_type=\"button.default\">\n\t\t\t\t<div class=\"elementor-widget-container\">\n\t\t\t\t\t<div class=\"elementor-button-wrapper\">\n\t\t\t<a class=\"elementor-button elementor-button-link elementor-size-sm\" href=\"https:\/\/recursosindex.com\/valcereal\/Codigo_de_Conducta_2020_R1.pdf\">\n\t\t\t\t\t\t<span class=\"elementor-button-content-wrapper\">\n\t\t\t\t\t\t<span class=\"elementor-button-text\">Descargue el c\u00f3digo de conducta<\/span>\n\t\t<\/span>\n\t\t\t\t\t<\/a>\n\t\t<\/div>\n\t\t\t\t<\/div>\n\t\t\t\t<\/div>\n\t\t\t\t\t<\/div>\n\t\t\t\t<\/div>\n\t\t\t\t\t\t\t<\/div>\n\t\t","protected":false},"excerpt":{"rendered":"<p>El c\u00f3digo El C\u00f3digo de Conducta de la SOCIEDAD, (en adelante, el C\u00f3digo) define y desarrolla los fundamentos de comportamiento \u00e9tico que el Directorio de la SOCIEDAD entiende que han de aplicarse a los negocios, actividades, y pautas de actuaci\u00f3n necesarias para que la integridad se manifieste en las relaciones establecidas con sus clientes, empleados y directivos, proveedores y terceros; en sus actuaciones en los diferentes mercados; a trav\u00e9s de la actuaci\u00f3n individual de sus empleados y directivos y en el establecimiento de \u00f3rganos y funciones espec\u00edficas a las que se atribuye la responsabilidad de velar por el cumplimiento del<\/p>\n","protected":false},"author":1,"featured_media":0,"parent":0,"menu_order":0,"comment_status":"closed","ping_status":"closed","template":"","meta":{"footnotes":""},"_links":{"self":[{"href":"https:\/\/valcereal.com.ar\/wordpress\/index.php?rest_route=\/wp\/v2\/pages\/386"}],"collection":[{"href":"https:\/\/valcereal.com.ar\/wordpress\/index.php?rest_route=\/wp\/v2\/pages"}],"about":[{"href":"https:\/\/valcereal.com.ar\/wordpress\/index.php?rest_route=\/wp\/v2\/types\/page"}],"author":[{"embeddable":true,"href":"https:\/\/valcereal.com.ar\/wordpress\/index.php?rest_route=\/wp\/v2\/users\/1"}],"replies":[{"embeddable":true,"href":"https:\/\/valcereal.com.ar\/wordpress\/index.php?rest_route=%2Fwp%2Fv2%2Fcomments&post=386"}],"version-history":[{"count":0,"href":"https:\/\/valcereal.com.ar\/wordpress\/index.php?rest_route=\/wp\/v2\/pages\/386\/revisions"}],"wp:attachment":[{"href":"https:\/\/valcereal.com.ar\/wordpress\/index.php?rest_route=%2Fwp%2Fv2%2Fmedia&parent=386"}],"curies":[{"name":"wp","href":"https:\/\/api.w.org\/{rel}","templated":true}]}}