{"id":381,"date":"2023-12-20T20:44:57","date_gmt":"2023-12-20T19:44:57","guid":{"rendered":"https:\/\/recursosindex.com\/valcereal\/?page_id=381"},"modified":"2023-12-20T20:44:57","modified_gmt":"2023-12-20T19:44:57","slug":"lei","status":"publish","type":"page","link":"https:\/\/valcereal.com.ar\/wordpress\/?page_id=381","title":{"rendered":"LEI"},"content":{"rendered":"\t\t<div data-elementor-type=\"wp-page\" data-elementor-id=\"381\" class=\"elementor elementor-381\">\n\t\t\t\t\t\t\t<div class=\"elementor-element elementor-element-bb40656 e-flex e-con-boxed e-con e-parent\" data-id=\"bb40656\" data-element_type=\"container\" data-settings=\"{&quot;content_width&quot;:&quot;boxed&quot;}\" data-core-v316-plus=\"true\">\n\t\t\t\t\t<div class=\"e-con-inner\">\n\t\t\t\t<div class=\"elementor-element elementor-element-92ae6e8 elementor-widget elementor-widget-heading\" data-id=\"92ae6e8\" data-element_type=\"widget\" data-widget_type=\"heading.default\">\n\t\t\t\t<div class=\"elementor-widget-container\">\n\t\t\t<style>\/*! elementor - v3.18.0 - 20-12-2023 *\/\n.elementor-heading-title{padding:0;margin:0;line-height:1}.elementor-widget-heading .elementor-heading-title[class*=elementor-size-]>a{color:inherit;font-size:inherit;line-height:inherit}.elementor-widget-heading .elementor-heading-title.elementor-size-small{font-size:15px}.elementor-widget-heading .elementor-heading-title.elementor-size-medium{font-size:19px}.elementor-widget-heading .elementor-heading-title.elementor-size-large{font-size:29px}.elementor-widget-heading .elementor-heading-title.elementor-size-xl{font-size:39px}.elementor-widget-heading .elementor-heading-title.elementor-size-xxl{font-size:59px}<\/style><h2 class=\"elementor-heading-title elementor-size-default\">Sistema de identificaci\u00f3n universal LEI<\/h2>\t\t<\/div>\n\t\t\t\t<\/div>\n\t\t\t\t\t<\/div>\n\t\t\t\t<\/div>\n\t\t<div class=\"elementor-element elementor-element-7c8b861 e-flex e-con-boxed e-con e-parent\" data-id=\"7c8b861\" data-element_type=\"container\" data-settings=\"{&quot;content_width&quot;:&quot;boxed&quot;}\" data-core-v316-plus=\"true\">\n\t\t\t\t\t<div class=\"e-con-inner\">\n\t\t\t\t<div class=\"elementor-element elementor-element-b06636e elementor-widget elementor-widget-heading\" data-id=\"b06636e\" data-element_type=\"widget\" data-widget_type=\"heading.default\">\n\t\t\t\t<div class=\"elementor-widget-container\">\n\t\t\t<h2 class=\"elementor-heading-title elementor-size-default\"><p style=\"width: 1140px; color: rgb(0, 201, 83); font-family: Montserrat, sans-serif; font-size: 15px; white-space-collapse: collapse;\">El LEI es un sistema de identificaci\u00f3n universal que recoge una serie de datos de referencia m\u00ednimos para la identificaci\u00f3n y comprobaci\u00f3n del estado de la persona jur\u00eddica.<span style=\"color: var( --e-global-color-primary ); font-family: var( --e-global-typography-primary-font-family ), Sans-serif; font-size: 2rem; font-weight: var( --e-global-typography-primary-font-weight ); text-align: var(--text-align); white-space-collapse: preserve;\"><\/span><\/p><\/h2>\t\t<\/div>\n\t\t\t\t<\/div>\n\t\t\t\t\t<\/div>\n\t\t\t\t<\/div>\n\t\t<div class=\"elementor-element elementor-element-6a4010c e-flex e-con-boxed e-con e-parent\" data-id=\"6a4010c\" data-element_type=\"container\" data-settings=\"{&quot;content_width&quot;:&quot;boxed&quot;}\" data-core-v316-plus=\"true\">\n\t\t\t\t\t<div class=\"e-con-inner\">\n\t\t\t\t<div class=\"elementor-element elementor-element-bc1c335 elementor-widget elementor-widget-text-editor\" data-id=\"bc1c335\" data-element_type=\"widget\" data-widget_type=\"text-editor.default\">\n\t\t\t\t<div class=\"elementor-widget-container\">\n\t\t\t<style>\/*! elementor - v3.18.0 - 20-12-2023 *\/\n.elementor-widget-text-editor.elementor-drop-cap-view-stacked .elementor-drop-cap{background-color:#69727d;color:#fff}.elementor-widget-text-editor.elementor-drop-cap-view-framed .elementor-drop-cap{color:#69727d;border:3px solid;background-color:transparent}.elementor-widget-text-editor:not(.elementor-drop-cap-view-default) .elementor-drop-cap{margin-top:8px}.elementor-widget-text-editor:not(.elementor-drop-cap-view-default) .elementor-drop-cap-letter{width:1em;height:1em}.elementor-widget-text-editor .elementor-drop-cap{float:left;text-align:center;line-height:1;font-size:50px}.elementor-widget-text-editor .elementor-drop-cap-letter{display:inline-block}<\/style>\t\t\t\t<p><span style=\"text-align: var(--text-align);\">Valcereal ha obtenido el siguiente c\u00f3digo LEI:&nbsp;<\/span><span style=\"text-align: var(--text-align);\">54930066XXEVSKMRD863<\/span><\/p>\t\t\t\t\t\t<\/div>\n\t\t\t\t<\/div>\n\t\t\t\t\t<\/div>\n\t\t\t\t<\/div>\n\t\t<div class=\"elementor-element elementor-element-920e89e e-flex e-con-boxed e-con e-parent\" data-id=\"920e89e\" data-element_type=\"container\" data-settings=\"{&quot;content_width&quot;:&quot;boxed&quot;}\" data-core-v316-plus=\"true\">\n\t\t\t\t\t<div class=\"e-con-inner\">\n\t\t\t\t<div class=\"elementor-element elementor-element-7bfb13f elementor-widget elementor-widget-text-editor\" data-id=\"7bfb13f\" data-element_type=\"widget\" data-widget_type=\"text-editor.default\">\n\t\t\t\t<div class=\"elementor-widget-container\">\n\t\t\t\t\t\t\t<p>El Identificador de Entidad Jur\u00eddica (LEI, por sus siglas en ingl\u00e9s) es un c\u00f3digo global y \u00fanico basado en el est\u00e1ndar ISO 17442, que se utiliza para identificar a las personas jur\u00eddicas que son parte en las transacciones financieras y para cumplir con los requisitos de informaci\u00f3n exigidos en los mercados financieros.<br \/><br \/>De acuerdo con la normativa europea, el c\u00f3digo LEI debe ser empleado para identificar a las partes contratantes en las transacciones financieras en todo el mundo y facilitar a los reguladores la identificaci\u00f3n de los posibles riesgos sist\u00e9micos en las primeras fases.<br \/><br \/>El objetivo final del LEI es mejorar la gesti\u00f3n de los riesgos financieros.<br \/><br \/>Si bien la referida norma se encuentra vigente desde el a\u00f1o 2007, con fecha 15 de abril de 2014 el Parlamento Europeo aprob\u00f3 la directiva MiFID II, una revisi\u00f3n de MiFID, que se encontrar\u00e1 vigente a partir del 3 de enero de 2018. MiFID II incorpora una serie de medidas tendientes a mejorar la transparencia y eficiencia de los mercados otorgando as\u00ed mayor protecci\u00f3n al inversor.<br \/><br \/>Si bien la norma es aplicable a empresas radicadas dentro de la Uni\u00f3n Europea, esta implicar\u00e1 ciertas obligaciones indirectas para las entidades que negocien con las jurisdicciones involucradas, incluyendo la obtenci\u00f3n de un Legal Entity Identifier \u2013 LEI \u2013 o identificador de entidad jur\u00eddica.<\/p>\t\t\t\t\t\t<\/div>\n\t\t\t\t<\/div>\n\t\t\t\t\t<\/div>\n\t\t\t\t<\/div>\n\t\t\t\t\t\t\t<\/div>\n\t\t","protected":false},"excerpt":{"rendered":"<p>Sistema de identificaci\u00f3n universal LEI El LEI es un sistema de identificaci\u00f3n universal que recoge una serie de datos de referencia m\u00ednimos para la identificaci\u00f3n y comprobaci\u00f3n del estado de la persona jur\u00eddica. Valcereal ha obtenido el siguiente c\u00f3digo LEI:&nbsp;54930066XXEVSKMRD863 El Identificador de Entidad Jur\u00eddica (LEI, por sus siglas en ingl\u00e9s) es un c\u00f3digo global y \u00fanico basado en el est\u00e1ndar ISO 17442, que se utiliza para identificar a las personas jur\u00eddicas que son parte en las transacciones financieras y para cumplir con los requisitos de informaci\u00f3n exigidos en los mercados financieros. De acuerdo con la normativa europea, el c\u00f3digo<\/p>\n","protected":false},"author":1,"featured_media":0,"parent":0,"menu_order":0,"comment_status":"closed","ping_status":"closed","template":"","meta":{"footnotes":""},"_links":{"self":[{"href":"https:\/\/valcereal.com.ar\/wordpress\/index.php?rest_route=\/wp\/v2\/pages\/381"}],"collection":[{"href":"https:\/\/valcereal.com.ar\/wordpress\/index.php?rest_route=\/wp\/v2\/pages"}],"about":[{"href":"https:\/\/valcereal.com.ar\/wordpress\/index.php?rest_route=\/wp\/v2\/types\/page"}],"author":[{"embeddable":true,"href":"https:\/\/valcereal.com.ar\/wordpress\/index.php?rest_route=\/wp\/v2\/users\/1"}],"replies":[{"embeddable":true,"href":"https:\/\/valcereal.com.ar\/wordpress\/index.php?rest_route=%2Fwp%2Fv2%2Fcomments&post=381"}],"version-history":[{"count":0,"href":"https:\/\/valcereal.com.ar\/wordpress\/index.php?rest_route=\/wp\/v2\/pages\/381\/revisions"}],"wp:attachment":[{"href":"https:\/\/valcereal.com.ar\/wordpress\/index.php?rest_route=%2Fwp%2Fv2%2Fmedia&parent=381"}],"curies":[{"name":"wp","href":"https:\/\/api.w.org\/{rel}","templated":true}]}}