{"id":305,"date":"2023-12-20T18:06:20","date_gmt":"2023-12-20T17:06:20","guid":{"rendered":"https:\/\/recursosindex.com\/valcereal\/?page_id=305"},"modified":"2023-12-20T18:06:20","modified_gmt":"2023-12-20T17:06:20","slug":"servicio","status":"publish","type":"page","link":"https:\/\/valcereal.com.ar\/wordpress\/?page_id=305","title":{"rendered":"Servicios"},"content":{"rendered":"\t\t<div data-elementor-type=\"wp-page\" data-elementor-id=\"305\" class=\"elementor elementor-305\">\n\t\t\t\t\t\t\t<div class=\"elementor-element elementor-element-d2032fe e-flex e-con-boxed e-con e-parent\" data-id=\"d2032fe\" data-element_type=\"container\" data-settings=\"{&quot;content_width&quot;:&quot;boxed&quot;}\" data-core-v316-plus=\"true\">\n\t\t\t\t\t<div class=\"e-con-inner\">\n\t\t\t\t<div class=\"elementor-element elementor-element-8fafee6 elementor-widget elementor-widget-heading\" data-id=\"8fafee6\" data-element_type=\"widget\" data-widget_type=\"heading.default\">\n\t\t\t\t<div class=\"elementor-widget-container\">\n\t\t\t<style>\/*! elementor - v3.18.0 - 20-12-2023 *\/\n.elementor-heading-title{padding:0;margin:0;line-height:1}.elementor-widget-heading .elementor-heading-title[class*=elementor-size-]>a{color:inherit;font-size:inherit;line-height:inherit}.elementor-widget-heading .elementor-heading-title.elementor-size-small{font-size:15px}.elementor-widget-heading .elementor-heading-title.elementor-size-medium{font-size:19px}.elementor-widget-heading .elementor-heading-title.elementor-size-large{font-size:29px}.elementor-widget-heading .elementor-heading-title.elementor-size-xl{font-size:39px}.elementor-widget-heading .elementor-heading-title.elementor-size-xxl{font-size:59px}<\/style><h2 class=\"elementor-heading-title elementor-size-default\">Nuestros Servicios<\/h2>\t\t<\/div>\n\t\t\t\t<\/div>\n\t\t\t\t\t<\/div>\n\t\t\t\t<\/div>\n\t\t<div class=\"elementor-element elementor-element-b20b56a e-flex e-con-boxed e-con e-parent\" data-id=\"b20b56a\" data-element_type=\"container\" data-settings=\"{&quot;content_width&quot;:&quot;boxed&quot;}\" data-core-v316-plus=\"true\">\n\t\t\t\t\t<div class=\"e-con-inner\">\n\t\t\t\t<div class=\"elementor-element elementor-element-4edb87e elementor-widget elementor-widget-heading\" data-id=\"4edb87e\" data-element_type=\"widget\" data-widget_type=\"heading.default\">\n\t\t\t\t<div class=\"elementor-widget-container\">\n\t\t\t<h2 class=\"elementor-heading-title elementor-size-default\">Corredor de Cereales<\/h2>\t\t<\/div>\n\t\t\t\t<\/div>\n\t\t\t\t\t<\/div>\n\t\t\t\t<\/div>\n\t\t<div class=\"elementor-element elementor-element-a101132 e-flex e-con-boxed e-con e-parent\" data-id=\"a101132\" data-element_type=\"container\" data-settings=\"{&quot;content_width&quot;:&quot;boxed&quot;}\" data-core-v316-plus=\"true\">\n\t\t\t\t\t<div class=\"e-con-inner\">\n\t\t<div class=\"elementor-element elementor-element-cbcd6a2 e-con-full e-flex e-con e-child\" data-id=\"cbcd6a2\" data-element_type=\"container\" data-settings=\"{&quot;content_width&quot;:&quot;full&quot;}\">\n\t\t\t\t<div class=\"elementor-element elementor-element-9f5fc9a elementor-widget elementor-widget-text-editor\" data-id=\"9f5fc9a\" data-element_type=\"widget\" data-widget_type=\"text-editor.default\">\n\t\t\t\t<div class=\"elementor-widget-container\">\n\t\t\t<style>\/*! elementor - v3.18.0 - 20-12-2023 *\/\n.elementor-widget-text-editor.elementor-drop-cap-view-stacked .elementor-drop-cap{background-color:#69727d;color:#fff}.elementor-widget-text-editor.elementor-drop-cap-view-framed .elementor-drop-cap{color:#69727d;border:3px solid;background-color:transparent}.elementor-widget-text-editor:not(.elementor-drop-cap-view-default) .elementor-drop-cap{margin-top:8px}.elementor-widget-text-editor:not(.elementor-drop-cap-view-default) .elementor-drop-cap-letter{width:1em;height:1em}.elementor-widget-text-editor .elementor-drop-cap{float:left;text-align:center;line-height:1;font-size:50px}.elementor-widget-text-editor .elementor-drop-cap-letter{display:inline-block}<\/style>\t\t\t\t<p>En el mercado disponible brindamos a nuestros clientes un servicio personalizado y confiable para la comercializaci\u00f3n de cereales, oleaginosas y subproductos; trabajamos conjuntamente con todos los actores que componen la cadena agrocomercial. La intermediaci\u00f3n en la operatoria de compra-venta de granos se complementa con un asesoramiento en materia legal, financiera, administrativa y de log\u00edstica. Nuestros conocimientos sobre los mercados de futuros y opciones, y el mercado financiero, son aplicados al momento de analizar y definir cada operaci\u00f3n, buscando los mejores resultados.<\/p>\t\t\t\t\t\t<\/div>\n\t\t\t\t<\/div>\n\t\t\t\t<\/div>\n\t\t<div class=\"elementor-element elementor-element-31a9ecb e-con-full e-flex e-con e-child\" data-id=\"31a9ecb\" data-element_type=\"container\" data-settings=\"{&quot;content_width&quot;:&quot;full&quot;}\">\n\t\t\t\t<div class=\"elementor-element elementor-element-a7c2795 elementor-widget elementor-widget-image\" data-id=\"a7c2795\" data-element_type=\"widget\" data-widget_type=\"image.default\">\n\t\t\t\t<div class=\"elementor-widget-container\">\n\t\t\t<style>\/*! elementor - v3.18.0 - 20-12-2023 *\/\n.elementor-widget-image{text-align:center}.elementor-widget-image a{display:inline-block}.elementor-widget-image a img[src$=\".svg\"]{width:48px}.elementor-widget-image img{vertical-align:middle;display:inline-block}<\/style>\t\t\t\t\t\t\t\t\t\t\t\t<img fetchpriority=\"high\" decoding=\"async\" width=\"1024\" height=\"424\" src=\"https:\/\/valcereal.com.ar\/wordpress\/wp-content\/uploads\/2023\/12\/4-1024x424.png\" class=\"attachment-large size-large wp-image-313\" alt=\"\" srcset=\"https:\/\/valcereal.com.ar\/wordpress\/wp-content\/uploads\/2023\/12\/4-1024x424.png 1024w, https:\/\/valcereal.com.ar\/wordpress\/wp-content\/uploads\/2023\/12\/4-300x124.png 300w, https:\/\/valcereal.com.ar\/wordpress\/wp-content\/uploads\/2023\/12\/4-768x318.png 768w, https:\/\/valcereal.com.ar\/wordpress\/wp-content\/uploads\/2023\/12\/4.png 1034w\" sizes=\"(max-width: 1024px) 100vw, 1024px\" \/>\t\t\t\t\t\t\t\t\t\t\t\t\t\t\t<\/div>\n\t\t\t\t<\/div>\n\t\t\t\t<\/div>\n\t\t\t\t\t<\/div>\n\t\t\t\t<\/div>\n\t\t<div class=\"elementor-element elementor-element-0c40b7d e-flex e-con-boxed e-con e-parent\" data-id=\"0c40b7d\" data-element_type=\"container\" data-settings=\"{&quot;content_width&quot;:&quot;boxed&quot;}\" data-core-v316-plus=\"true\">\n\t\t\t\t\t<div class=\"e-con-inner\">\n\t\t\t\t<div class=\"elementor-element elementor-element-abacc73 elementor-widget elementor-widget-heading\" data-id=\"abacc73\" data-element_type=\"widget\" data-widget_type=\"heading.default\">\n\t\t\t\t<div class=\"elementor-widget-container\">\n\t\t\t<h2 class=\"elementor-heading-title elementor-size-default\">Futuros y opciones<\/h2>\t\t<\/div>\n\t\t\t\t<\/div>\n\t\t\t\t\t<\/div>\n\t\t\t\t<\/div>\n\t\t<div class=\"elementor-element elementor-element-a069a7c e-flex e-con-boxed e-con e-parent\" data-id=\"a069a7c\" data-element_type=\"container\" data-settings=\"{&quot;content_width&quot;:&quot;boxed&quot;}\" data-core-v316-plus=\"true\">\n\t\t\t\t\t<div class=\"e-con-inner\">\n\t\t<div class=\"elementor-element elementor-element-3bccee7 e-con-full e-flex e-con e-child\" data-id=\"3bccee7\" data-element_type=\"container\" data-settings=\"{&quot;content_width&quot;:&quot;full&quot;}\">\n\t\t\t\t<div class=\"elementor-element elementor-element-1e570a5 elementor-widget elementor-widget-text-editor\" data-id=\"1e570a5\" data-element_type=\"widget\" data-widget_type=\"text-editor.default\">\n\t\t\t\t<div class=\"elementor-widget-container\">\n\t\t\t\t\t\t\t<section id=\"section-id-1523635374244\" class=\"sppb-section \">\n<div class=\"sppb-row-container\">\n<div class=\"sppb-row\">\n<div class=\"sppb-col-md-6\">\n<div id=\"column-id-1523635374249\" class=\"sppb-column\">\n<div class=\"sppb-column-addons\">\n<div id=\"sppb-addon-1523645055878\" class=\"clearfix\">\n<div class=\"sppb-addon sppb-addon-module \">\n<div class=\"sppb-addon-content\">\n<div id=\"uc_grid_2\" class=\"uc-grid-front\">\n<div class=\"uc-grid-row uc-row-first uc-row-last\">\n<div class=\"uc-grid-row-container\">\n<div class=\"uc-grid-col uc-col-first uc-col-last uc-colsize-1_1\">\n<div class=\"uc-grid-col-inner\">\n<div class=\"uc-grid-col-addon\">\n<div class=\"uc_contrast-flipbox hover\">\n<div class=\"uc_flipper\">\n<div class=\"uc_back\">\n<div class=\"uc_front_inner-box\">\n<p>Operamos en los principales mercados de Futuros y Opciones de Argentina e internacionales. A trav\u00e9s de nuestros asesores especializados, su empresa podr\u00e1 informarse y acceder a las diferentes posibilidades de coberturas. La inversi\u00f3n en Futuros asegura el valor de los activos en un tiempo posterior, pudi\u00e9ndose realizar sobre productos financieros (\u00edndices, monedas, tasas, otros) o commodities. Ventajas: operaci\u00f3n de cobertura ante cambios desfavorables en los precios, estandarizados (se negocian en mercados regulados), margen de garant\u00eda para limitar los riesgos de liquidaci\u00f3n. Las Opciones son instrumentos que otorgan al comprador el derecho y al vendedor la obligaci\u00f3n de realizar la transacci\u00f3n a un precio fijado y en una fecha determinada.<\/p><\/div><\/div><\/div><\/div><\/div><\/div><\/div><\/div><\/div><\/div><\/div><\/div><\/div><\/div><\/div><\/div><\/div><\/div><\/section>\t\t\t\t\t\t<\/div>\n\t\t\t\t<\/div>\n\t\t\t\t<\/div>\n\t\t<div class=\"elementor-element elementor-element-dea4008 e-con-full e-flex e-con e-child\" data-id=\"dea4008\" data-element_type=\"container\" data-settings=\"{&quot;content_width&quot;:&quot;full&quot;}\">\n\t\t\t\t<div class=\"elementor-element elementor-element-00800e1 elementor-widget elementor-widget-image\" data-id=\"00800e1\" data-element_type=\"widget\" data-widget_type=\"image.default\">\n\t\t\t\t<div class=\"elementor-widget-container\">\n\t\t\t\t\t\t\t\t\t\t\t\t\t\t\t<img decoding=\"async\" width=\"1024\" height=\"327\" src=\"https:\/\/valcereal.com.ar\/wordpress\/wp-content\/uploads\/2023\/12\/3-1024x327.png\" class=\"attachment-large size-large wp-image-312\" alt=\"\" srcset=\"https:\/\/valcereal.com.ar\/wordpress\/wp-content\/uploads\/2023\/12\/3-1024x327.png 1024w, https:\/\/valcereal.com.ar\/wordpress\/wp-content\/uploads\/2023\/12\/3-300x96.png 300w, https:\/\/valcereal.com.ar\/wordpress\/wp-content\/uploads\/2023\/12\/3-768x245.png 768w, https:\/\/valcereal.com.ar\/wordpress\/wp-content\/uploads\/2023\/12\/3.png 1034w\" sizes=\"(max-width: 1024px) 100vw, 1024px\" \/>\t\t\t\t\t\t\t\t\t\t\t\t\t\t\t<\/div>\n\t\t\t\t<\/div>\n\t\t\t\t<\/div>\n\t\t\t\t\t<\/div>\n\t\t\t\t<\/div>\n\t\t<div class=\"elementor-element elementor-element-183aec1 e-flex e-con-boxed e-con e-parent\" data-id=\"183aec1\" data-element_type=\"container\" data-settings=\"{&quot;content_width&quot;:&quot;boxed&quot;}\" data-core-v316-plus=\"true\">\n\t\t\t\t\t<div class=\"e-con-inner\">\n\t\t\t\t<div class=\"elementor-element elementor-element-c05057b elementor-widget elementor-widget-heading\" data-id=\"c05057b\" data-element_type=\"widget\" data-widget_type=\"heading.default\">\n\t\t\t\t<div class=\"elementor-widget-container\">\n\t\t\t<h2 class=\"elementor-heading-title elementor-size-default\">Administraci\u00f3n de canjes<\/h2>\t\t<\/div>\n\t\t\t\t<\/div>\n\t\t\t\t\t<\/div>\n\t\t\t\t<\/div>\n\t\t<div class=\"elementor-element elementor-element-cabcc94 e-flex e-con-boxed e-con e-parent\" data-id=\"cabcc94\" data-element_type=\"container\" data-settings=\"{&quot;content_width&quot;:&quot;boxed&quot;}\" data-core-v316-plus=\"true\">\n\t\t\t\t\t<div class=\"e-con-inner\">\n\t\t<div class=\"elementor-element elementor-element-1715f7b e-con-full e-flex e-con e-child\" data-id=\"1715f7b\" data-element_type=\"container\" data-settings=\"{&quot;content_width&quot;:&quot;full&quot;}\">\n\t\t\t\t<div class=\"elementor-element elementor-element-4886e8c elementor-widget elementor-widget-text-editor\" data-id=\"4886e8c\" data-element_type=\"widget\" data-widget_type=\"text-editor.default\">\n\t\t\t\t<div class=\"elementor-widget-container\">\n\t\t\t\t\t\t\t<p>Ofrecemos un servicio especializado en la gesti\u00f3n de canjes de granos, modalidad a trav\u00e9s de la cual las empresas pueden cancelar pagos por la compra de productos y servicios. Nuestra experiencia en esta operatoria comercial permitir\u00e1 a los clientes potenciar su crecimiento y lograr beneficios econ\u00f3micos mediante el ahorro en impuestos como las transferencias bancarias e Ingresos Brutos.<\/p>\t\t\t\t\t\t<\/div>\n\t\t\t\t<\/div>\n\t\t\t\t<\/div>\n\t\t<div class=\"elementor-element elementor-element-4737dd3 e-con-full e-flex e-con e-child\" data-id=\"4737dd3\" data-element_type=\"container\" data-settings=\"{&quot;content_width&quot;:&quot;full&quot;}\">\n\t\t\t\t<div class=\"elementor-element elementor-element-66bc6d9 elementor-widget elementor-widget-image\" data-id=\"66bc6d9\" data-element_type=\"widget\" data-widget_type=\"image.default\">\n\t\t\t\t<div class=\"elementor-widget-container\">\n\t\t\t\t\t\t\t\t\t\t\t\t\t\t\t<img decoding=\"async\" width=\"1024\" height=\"335\" src=\"https:\/\/valcereal.com.ar\/wordpress\/wp-content\/uploads\/2023\/12\/2-1024x335.png\" class=\"attachment-large size-large wp-image-311\" alt=\"\" srcset=\"https:\/\/valcereal.com.ar\/wordpress\/wp-content\/uploads\/2023\/12\/2-1024x335.png 1024w, https:\/\/valcereal.com.ar\/wordpress\/wp-content\/uploads\/2023\/12\/2-300x98.png 300w, https:\/\/valcereal.com.ar\/wordpress\/wp-content\/uploads\/2023\/12\/2-768x251.png 768w, https:\/\/valcereal.com.ar\/wordpress\/wp-content\/uploads\/2023\/12\/2.png 1040w\" sizes=\"(max-width: 1024px) 100vw, 1024px\" \/>\t\t\t\t\t\t\t\t\t\t\t\t\t\t\t<\/div>\n\t\t\t\t<\/div>\n\t\t\t\t<\/div>\n\t\t\t\t\t<\/div>\n\t\t\t\t<\/div>\n\t\t<div class=\"elementor-element elementor-element-9494173 e-flex e-con-boxed e-con e-parent\" data-id=\"9494173\" data-element_type=\"container\" data-settings=\"{&quot;content_width&quot;:&quot;boxed&quot;}\" data-core-v316-plus=\"true\">\n\t\t\t\t\t<div class=\"e-con-inner\">\n\t\t\t\t<div class=\"elementor-element elementor-element-bcf9d73 elementor-widget elementor-widget-heading\" data-id=\"bcf9d73\" data-element_type=\"widget\" data-widget_type=\"heading.default\">\n\t\t\t\t<div class=\"elementor-widget-container\">\n\t\t\t<h2 class=\"elementor-heading-title elementor-size-default\">Derivados Financieros<\/h2>\t\t<\/div>\n\t\t\t\t<\/div>\n\t\t\t\t\t<\/div>\n\t\t\t\t<\/div>\n\t\t<div class=\"elementor-element elementor-element-80b0e68 e-flex e-con-boxed e-con e-parent\" data-id=\"80b0e68\" data-element_type=\"container\" data-settings=\"{&quot;content_width&quot;:&quot;boxed&quot;}\" data-core-v316-plus=\"true\">\n\t\t\t\t\t<div class=\"e-con-inner\">\n\t\t<div class=\"elementor-element elementor-element-fb24337 e-con-full e-flex e-con e-child\" data-id=\"fb24337\" data-element_type=\"container\" data-settings=\"{&quot;content_width&quot;:&quot;full&quot;}\">\n\t\t\t\t<div class=\"elementor-element elementor-element-2796c1f elementor-widget elementor-widget-text-editor\" data-id=\"2796c1f\" data-element_type=\"widget\" data-widget_type=\"text-editor.default\">\n\t\t\t\t<div class=\"elementor-widget-container\">\n\t\t\t\t\t\t\t<div id=\"sppb-addon-1523645055882\" class=\"clearfix\">\n<div class=\"sppb-addon sppb-addon-module \">\n<div class=\"sppb-addon-content\">\n<div id=\"uc_grid_4\" class=\"uc-grid-front\">\n<div class=\"uc-grid-row uc-row-first uc-row-last\">\n<div class=\"uc-grid-row-container\">\n<div class=\"uc-grid-col uc-col-first uc-col-last uc-colsize-1_1\">\n<div class=\"uc-grid-col-inner\">\n<div class=\"uc-grid-col-addon\">\n<div class=\"uc_product-flipbox hover\">\n<div class=\"uc_flipper\">\n<div class=\"uc_back\">\n<div class=\"uc_front_inner-box\">\n<p>Brindamos asesoramiento sobre operaciones de d\u00f3lar futuro, una herramienta de cobertura para garantizar en el presente el valor al que comprar\u00e1 esa moneda extranjera con posterioridad. Somos operadores habilitados de la Divisi\u00f3n de Derivados Financieros del Mercado a T\u00e9rmino de Rosario (ROFEX)<span style=\"color: var( --e-global-color-text ); text-align: var(--text-align);\">&nbsp;<\/span><\/p><\/div><\/div><\/div><\/div><\/div><\/div><\/div><\/div><\/div><\/div><\/div><\/div><\/div>\t\t\t\t\t\t<\/div>\n\t\t\t\t<\/div>\n\t\t\t\t<\/div>\n\t\t<div class=\"elementor-element elementor-element-f25c9f1 e-con-full e-flex e-con e-child\" data-id=\"f25c9f1\" data-element_type=\"container\" data-settings=\"{&quot;content_width&quot;:&quot;full&quot;}\">\n\t\t\t\t<div class=\"elementor-element elementor-element-7ebc9a6 elementor-widget elementor-widget-image\" data-id=\"7ebc9a6\" data-element_type=\"widget\" data-widget_type=\"image.default\">\n\t\t\t\t<div class=\"elementor-widget-container\">\n\t\t\t\t\t\t\t\t\t\t\t\t\t\t\t<img loading=\"lazy\" decoding=\"async\" width=\"1024\" height=\"332\" src=\"https:\/\/valcereal.com.ar\/wordpress\/wp-content\/uploads\/2023\/12\/1-1024x332.png\" class=\"attachment-large size-large wp-image-310\" alt=\"\" srcset=\"https:\/\/valcereal.com.ar\/wordpress\/wp-content\/uploads\/2023\/12\/1-1024x332.png 1024w, https:\/\/valcereal.com.ar\/wordpress\/wp-content\/uploads\/2023\/12\/1-300x97.png 300w, https:\/\/valcereal.com.ar\/wordpress\/wp-content\/uploads\/2023\/12\/1-768x249.png 768w, https:\/\/valcereal.com.ar\/wordpress\/wp-content\/uploads\/2023\/12\/1.png 1042w\" sizes=\"(max-width: 1024px) 100vw, 1024px\" \/>\t\t\t\t\t\t\t\t\t\t\t\t\t\t\t<\/div>\n\t\t\t\t<\/div>\n\t\t\t\t<\/div>\n\t\t\t\t\t<\/div>\n\t\t\t\t<\/div>\n\t\t<div class=\"elementor-element elementor-element-2d7d7b2 e-flex e-con-boxed e-con e-parent\" data-id=\"2d7d7b2\" data-element_type=\"container\" data-settings=\"{&quot;content_width&quot;:&quot;boxed&quot;}\" data-core-v316-plus=\"true\">\n\t\t\t\t\t<div class=\"e-con-inner\">\n\t\t\t\t<div class=\"elementor-element elementor-element-613e382 elementor-widget elementor-widget-heading\" data-id=\"613e382\" data-element_type=\"widget\" data-widget_type=\"heading.default\">\n\t\t\t\t<div class=\"elementor-widget-container\">\n\t\t\t<h2 class=\"elementor-heading-title elementor-size-default\">Titulos p\u00fablicos y privados<\/h2>\t\t<\/div>\n\t\t\t\t<\/div>\n\t\t\t\t\t<\/div>\n\t\t\t\t<\/div>\n\t\t<div class=\"elementor-element elementor-element-1ebad73 e-flex e-con-boxed e-con e-parent\" data-id=\"1ebad73\" data-element_type=\"container\" data-settings=\"{&quot;content_width&quot;:&quot;boxed&quot;}\" data-core-v316-plus=\"true\">\n\t\t\t\t\t<div class=\"e-con-inner\">\n\t\t<div class=\"elementor-element elementor-element-6110c72 e-con-full e-flex e-con e-child\" data-id=\"6110c72\" data-element_type=\"container\" data-settings=\"{&quot;content_width&quot;:&quot;full&quot;}\">\n\t\t\t\t<div class=\"elementor-element elementor-element-04df694 elementor-widget elementor-widget-text-editor\" data-id=\"04df694\" data-element_type=\"widget\" data-widget_type=\"text-editor.default\">\n\t\t\t\t<div class=\"elementor-widget-container\">\n\t\t\t\t\t\t\t<p>Asesoramiento de Carteras para Empresas e individuos, teniendo en cuenta el perfil y adversidad al riesgo del cliente (Cedears, acciones, opciones, fideicomisos financieros, pases y cauciones burs\u00e1tiles, cheques de pago diferido, obligaciones negociables, entre otros). Contamos con un equipo de profesionales a disposici\u00f3n de nuestros clientes para ofrecerles una amplia gama de soluciones de inversi\u00f3n, una visi\u00f3n de corto, mediano y &nbsp;largo plazo y una b\u00fasqueda constante de rentabilidad.<\/p>\t\t\t\t\t\t<\/div>\n\t\t\t\t<\/div>\n\t\t\t\t<\/div>\n\t\t<div class=\"elementor-element elementor-element-13e5b2d e-con-full e-flex e-con e-child\" data-id=\"13e5b2d\" data-element_type=\"container\" data-settings=\"{&quot;content_width&quot;:&quot;full&quot;}\">\n\t\t\t\t<div class=\"elementor-element elementor-element-0875050 elementor-widget elementor-widget-image\" data-id=\"0875050\" data-element_type=\"widget\" data-widget_type=\"image.default\">\n\t\t\t\t<div class=\"elementor-widget-container\">\n\t\t\t\t\t\t\t\t\t\t\t\t\t\t\t<img loading=\"lazy\" decoding=\"async\" width=\"1024\" height=\"424\" src=\"https:\/\/valcereal.com.ar\/wordpress\/wp-content\/uploads\/2023\/12\/5-1024x424.jpg\" class=\"attachment-large size-large wp-image-495\" alt=\"\" srcset=\"https:\/\/valcereal.com.ar\/wordpress\/wp-content\/uploads\/2023\/12\/5-1024x424.jpg 1024w, https:\/\/valcereal.com.ar\/wordpress\/wp-content\/uploads\/2023\/12\/5-300x124.jpg 300w, https:\/\/valcereal.com.ar\/wordpress\/wp-content\/uploads\/2023\/12\/5-768x318.jpg 768w, https:\/\/valcereal.com.ar\/wordpress\/wp-content\/uploads\/2023\/12\/5.jpg 1034w\" sizes=\"(max-width: 1024px) 100vw, 1024px\" \/>\t\t\t\t\t\t\t\t\t\t\t\t\t\t\t<\/div>\n\t\t\t\t<\/div>\n\t\t\t\t<\/div>\n\t\t\t\t\t<\/div>\n\t\t\t\t<\/div>\n\t\t<div class=\"elementor-element elementor-element-c408436 e-flex e-con-boxed e-con e-parent\" data-id=\"c408436\" data-element_type=\"container\" data-settings=\"{&quot;content_width&quot;:&quot;boxed&quot;}\" data-core-v316-plus=\"true\">\n\t\t\t\t\t<div class=\"e-con-inner\">\n\t\t\t\t<div class=\"elementor-element elementor-element-dede63a elementor-widget elementor-widget-heading\" data-id=\"dede63a\" data-element_type=\"widget\" data-widget_type=\"heading.default\">\n\t\t\t\t<div class=\"elementor-widget-container\">\n\t\t\t<h2 class=\"elementor-heading-title elementor-size-default\">Fondos comunes de inversi\u00f3n<\/h2>\t\t<\/div>\n\t\t\t\t<\/div>\n\t\t\t\t\t<\/div>\n\t\t\t\t<\/div>\n\t\t<div class=\"elementor-element elementor-element-45217dc e-flex e-con-boxed e-con e-parent\" data-id=\"45217dc\" data-element_type=\"container\" data-settings=\"{&quot;content_width&quot;:&quot;boxed&quot;}\" data-core-v316-plus=\"true\">\n\t\t\t\t\t<div class=\"e-con-inner\">\n\t\t<div class=\"elementor-element elementor-element-a5326a9 e-con-full e-flex e-con e-child\" data-id=\"a5326a9\" data-element_type=\"container\" data-settings=\"{&quot;content_width&quot;:&quot;full&quot;}\">\n\t\t\t\t<div class=\"elementor-element elementor-element-5c5268c elementor-widget elementor-widget-text-editor\" data-id=\"5c5268c\" data-element_type=\"widget\" data-widget_type=\"text-editor.default\">\n\t\t\t\t<div class=\"elementor-widget-container\">\n\t\t\t\t\t\t\t<p>Somos Agentes Colocadores Integrales de Fondos Comunes de Inversi\u00f3n. Trabajamos con distintos fondos lideres del Mercado. Los fondos comunes de Inversi\u00f3n tienen varias ventajas: R\u00e1pida liquidez, montos peque\u00f1os para operar, diversificaci\u00f3n de cartera, varios fondos para distintos objetivos, entre otros<u><\/u><\/p>\t\t\t\t\t\t<\/div>\n\t\t\t\t<\/div>\n\t\t\t\t<\/div>\n\t\t<div class=\"elementor-element elementor-element-354281a e-con-full e-flex e-con e-child\" data-id=\"354281a\" data-element_type=\"container\" data-settings=\"{&quot;content_width&quot;:&quot;full&quot;}\">\n\t\t\t\t<div class=\"elementor-element elementor-element-c08fbeb elementor-widget elementor-widget-image\" data-id=\"c08fbeb\" data-element_type=\"widget\" data-widget_type=\"image.default\">\n\t\t\t\t<div class=\"elementor-widget-container\">\n\t\t\t\t\t\t\t\t\t\t\t\t\t\t\t<img loading=\"lazy\" decoding=\"async\" width=\"1024\" height=\"424\" src=\"https:\/\/valcereal.com.ar\/wordpress\/wp-content\/uploads\/2023\/12\/6-1024x424.jpg\" class=\"attachment-large size-large wp-image-496\" alt=\"\" srcset=\"https:\/\/valcereal.com.ar\/wordpress\/wp-content\/uploads\/2023\/12\/6-1024x424.jpg 1024w, https:\/\/valcereal.com.ar\/wordpress\/wp-content\/uploads\/2023\/12\/6-300x124.jpg 300w, https:\/\/valcereal.com.ar\/wordpress\/wp-content\/uploads\/2023\/12\/6-768x318.jpg 768w, https:\/\/valcereal.com.ar\/wordpress\/wp-content\/uploads\/2023\/12\/6.jpg 1034w\" sizes=\"(max-width: 1024px) 100vw, 1024px\" \/>\t\t\t\t\t\t\t\t\t\t\t\t\t\t\t<\/div>\n\t\t\t\t<\/div>\n\t\t\t\t<\/div>\n\t\t\t\t\t<\/div>\n\t\t\t\t<\/div>\n\t\t\t\t\t\t\t<\/div>\n\t\t","protected":false},"excerpt":{"rendered":"<p>Nuestros Servicios Corredor de Cereales En el mercado disponible brindamos a nuestros clientes un servicio personalizado y confiable para la comercializaci\u00f3n de cereales, oleaginosas y subproductos; trabajamos conjuntamente con todos los actores que componen la cadena agrocomercial. La intermediaci\u00f3n en la operatoria de compra-venta de granos se complementa con un asesoramiento en materia legal, financiera, administrativa y de log\u00edstica. Nuestros conocimientos sobre los mercados de futuros y opciones, y el mercado financiero, son aplicados al momento de analizar y definir cada operaci\u00f3n, buscando los mejores resultados. Futuros y opciones Operamos en los principales mercados de Futuros y Opciones de Argentina<\/p>\n","protected":false},"author":1,"featured_media":0,"parent":0,"menu_order":0,"comment_status":"closed","ping_status":"closed","template":"","meta":{"footnotes":""},"_links":{"self":[{"href":"https:\/\/valcereal.com.ar\/wordpress\/index.php?rest_route=\/wp\/v2\/pages\/305"}],"collection":[{"href":"https:\/\/valcereal.com.ar\/wordpress\/index.php?rest_route=\/wp\/v2\/pages"}],"about":[{"href":"https:\/\/valcereal.com.ar\/wordpress\/index.php?rest_route=\/wp\/v2\/types\/page"}],"author":[{"embeddable":true,"href":"https:\/\/valcereal.com.ar\/wordpress\/index.php?rest_route=\/wp\/v2\/users\/1"}],"replies":[{"embeddable":true,"href":"https:\/\/valcereal.com.ar\/wordpress\/index.php?rest_route=%2Fwp%2Fv2%2Fcomments&post=305"}],"version-history":[{"count":0,"href":"https:\/\/valcereal.com.ar\/wordpress\/index.php?rest_route=\/wp\/v2\/pages\/305\/revisions"}],"wp:attachment":[{"href":"https:\/\/valcereal.com.ar\/wordpress\/index.php?rest_route=%2Fwp%2Fv2%2Fmedia&parent=305"}],"curies":[{"name":"wp","href":"https:\/\/api.w.org\/{rel}","templated":true}]}}